{"id":63,"date":"2016-11-12T23:48:23","date_gmt":"2016-11-13T02:48:23","guid":{"rendered":"http:\/\/libras.tuxcuiabano.com\/dicionario\/?page_id=63"},"modified":"2018-01-09T11:10:21","modified_gmt":"2018-01-09T14:10:21","slug":"colabore","status":"publish","type":"page","link":"http:\/\/libras.tuxcuiabano.com\/dicionario\/colabore\/","title":{"rendered":"Colabore!"},"content":{"rendered":"<p>Caso voc\u00ea precise de um sinal espec\u00edfico, pe\u00e7a por aqui. Caso n\u00e3o conhe\u00e7amos, deixaremos <a href=\"http:\/\/libras.tuxcuiabano.com\/dicionario\/lista-de-verbetes-sem-sinal\/\">na lista<\/a> e pediremos aux\u00edlio de outros colaboradores.<\/p>\n<p>&nbsp;<\/p>\n<p>Como colaborar?<\/p>\n<p>Envie um e-mail para: blog@tuxcuiabano.com, com um dos seguintes assuntos:<\/p>\n<p>1 &#8211; Quero sugerir um verbete para receber um sinal<\/p>\n<p>2 &#8211; Quero sugerir um sinal para <a href=\"http:\/\/libras.tuxcuiabano.com\/dicionario\/lista-de-verbetes-sem-sinal\/\">um verbete da lista<\/a><\/p>\n<p>3 &#8211; Quero sugerir um verbete e um sinal<\/p>\n<p>&nbsp;<\/p>\n<p>Identifique-se com:<\/p>\n<p>Seu nome completo<\/p>\n<p>Institui\u00e7\u00e3o (caso seja de alguma)<\/p>\n<p>Nome do eixo tecnol\u00f3gico do verbete (<strong><a href=\"http:\/\/libras.tuxcuiabano.com\/dicionario\/wp-content\/uploads\/2016\/11\/catalogo-de-cursos.pdf\" target=\"_blank\">Veja aqui a rela\u00e7\u00e3o dos eixos tecnol\u00f3gicos<\/a>)<\/strong><\/p>\n<p>Nome do(s) curso(s) t\u00e9cnicos \u00a0onde o verbete \u00e9 utilizado (<strong><a href=\"http:\/\/libras.tuxcuiabano.com\/dicionario\/wp-content\/uploads\/2016\/11\/catalogo-de-cursos.pdf\" target=\"_blank\">Veja aqui a rela\u00e7\u00e3o de cursos t\u00e9cnicos<\/a>)<\/strong><\/p>\n<p>Nome do verbete que necessita o sinal<\/p>\n<p>Sinal (em formato MP4)<\/p>\n<p>&nbsp;<\/p>\n<p>&nbsp;<\/p>\n<p>&nbsp;<\/p>\n<p>&nbsp;<\/p>\n","protected":false},"excerpt":{"rendered":"<p>Caso voc\u00ea precise de um sinal espec\u00edfico, pe\u00e7a por aqui. Caso n\u00e3o conhe\u00e7amos, deixaremos na lista e pediremos aux\u00edlio de outros colaboradores. &nbsp; Como colaborar? Envie um e-mail para: blog@tuxcuiabano.com, com um dos seguintes assuntos: 1 &#8211; Quero sugerir um [&hellip;]<\/p>\n","protected":false},"author":1,"featured_media":0,"parent":0,"menu_order":0,"comment_status":"closed","ping_status":"closed","template":"","meta":{"footnotes":""},"class_list":["post-63","page","type-page","status-publish","hentry"],"_links":{"self":[{"href":"http:\/\/libras.tuxcuiabano.com\/dicionario\/wp-json\/wp\/v2\/pages\/63","targetHints":{"allow":["GET"]}}],"collection":[{"href":"http:\/\/libras.tuxcuiabano.com\/dicionario\/wp-json\/wp\/v2\/pages"}],"about":[{"href":"http:\/\/libras.tuxcuiabano.com\/dicionario\/wp-json\/wp\/v2\/types\/page"}],"author":[{"embeddable":true,"href":"http:\/\/libras.tuxcuiabano.com\/dicionario\/wp-json\/wp\/v2\/users\/1"}],"replies":[{"embeddable":true,"href":"http:\/\/libras.tuxcuiabano.com\/dicionario\/wp-json\/wp\/v2\/comments?post=63"}],"version-history":[{"count":11,"href":"http:\/\/libras.tuxcuiabano.com\/dicionario\/wp-json\/wp\/v2\/pages\/63\/revisions"}],"predecessor-version":[{"id":128,"href":"http:\/\/libras.tuxcuiabano.com\/dicionario\/wp-json\/wp\/v2\/pages\/63\/revisions\/128"}],"wp:attachment":[{"href":"http:\/\/libras.tuxcuiabano.com\/dicionario\/wp-json\/wp\/v2\/media?parent=63"}],"curies":[{"name":"wp","href":"https:\/\/api.w.org\/{rel}","templated":true}]}}