{"id":55,"date":"2016-11-13T00:17:35","date_gmt":"2016-11-13T02:17:35","guid":{"rendered":"http:\/\/libras.tuxcuiabano.com\/dicionario\/?page_id=55"},"modified":"2018-02-26T19:35:14","modified_gmt":"2018-02-26T23:35:14","slug":"quem-somos","status":"publish","type":"page","link":"http:\/\/libras.tuxcuiabano.com\/dicionario\/quem-somos\/","title":{"rendered":"Quem somos?"},"content":{"rendered":"<p style=\"text-align: justify;\"><img loading=\"lazy\" decoding=\"async\" class=\"wp-image-80 size-thumbnail alignleft\" src=\"http:\/\/libras.tuxcuiabano.com\/dicionario\/wp-content\/uploads\/2016\/11\/servletrecuperafoto-150x150.jpg\" alt=\"servletrecuperafoto\" width=\"150\" height=\"150\" \/><strong>Prof. Pedro Clarindo da Silva Neto (Coordenador do Projeto)<\/strong><\/p>\n<p style=\"text-align: justify;\">Possui gradua\u00e7\u00e3o em Desenvolvimento de Sistemas para Web pelo Instituto Federal de Educa\u00e7\u00e3o, Ci\u00eancia e Tecnologia de Mato Grosso. Atualmente \u00e9 Professor de Inform\u00e1tica do Instituto Federal de Educa\u00e7\u00e3o, Ci\u00eancia e Tecnologia de Mato Grosso e Secret\u00e1rio Adjunto da Sociedade Brasileira de Computa\u00e7\u00e3o &#8211; Regional Mato Grosso . Tem experi\u00eancia na \u00e1rea de Ci\u00eancia da Computa\u00e7\u00e3o, com \u00eanfase em Sistemas de Informa\u00e7\u00e3o, atuando principalmente nos seguintes temas: redes de computadores, software livre, programa\u00e7\u00e3o web e dispositivos m\u00f3veis.<\/p>\n<p>&nbsp;<\/p>\n<p>&nbsp;<\/p>\n<p>&nbsp;<\/p>\n<p>&nbsp;<\/p>\n<p><img loading=\"lazy\" decoding=\"async\" class=\"wp-image-86 size-thumbnail alignleft\" src=\"http:\/\/libras.tuxcuiabano.com\/dicionario\/wp-content\/uploads\/2016\/11\/14991977_1142882815801267_4553297519457087486_n-e1479145531152-150x150.jpg\" alt=\"14991977_1142882815801267_4553297519457087486_n\" width=\"150\" height=\"150\" srcset=\"http:\/\/libras.tuxcuiabano.com\/dicionario\/wp-content\/uploads\/2016\/11\/14991977_1142882815801267_4553297519457087486_n-e1479145531152-150x150.jpg 150w, http:\/\/libras.tuxcuiabano.com\/dicionario\/wp-content\/uploads\/2016\/11\/14991977_1142882815801267_4553297519457087486_n-e1479145531152-300x300.jpg 300w, http:\/\/libras.tuxcuiabano.com\/dicionario\/wp-content\/uploads\/2016\/11\/14991977_1142882815801267_4553297519457087486_n-e1479145531152.jpg 373w\" sizes=\"auto, (max-width: 150px) 100vw, 150px\" \/><\/p>\n<p style=\"text-align: justify;\"><strong>Jordana Strey\u00a0(atuou no projeto at\u00e9 2017\/2)<\/strong><\/p>\n<p style=\"text-align: justify;\">Possui ensino fundamental primeiro grau pelo Centro Municipal de Ensino Prof Jos\u00e9 Nodari. Atualmente \u00e9 aluna do curso de Recursos Humanos do Instituto Federal de Educa\u00e7\u00e3o, Ci\u00eancia e Tecnologia de Mato Grosso &#8211; Tangar\u00e1 da Serra.<\/p>\n<p style=\"text-align: justify;\">\n<p>&nbsp;<\/p>\n","protected":false},"excerpt":{"rendered":"<p>Prof. Pedro Clarindo da Silva Neto (Coordenador do Projeto) Possui gradua\u00e7\u00e3o em Desenvolvimento de Sistemas para Web pelo Instituto Federal de Educa\u00e7\u00e3o, Ci\u00eancia e Tecnologia de Mato Grosso. Atualmente \u00e9 Professor de Inform\u00e1tica do Instituto Federal de Educa\u00e7\u00e3o, Ci\u00eancia e [&hellip;]<\/p>\n","protected":false},"author":1,"featured_media":0,"parent":0,"menu_order":0,"comment_status":"closed","ping_status":"closed","template":"","meta":{"footnotes":""},"class_list":["post-55","page","type-page","status-publish","hentry"],"_links":{"self":[{"href":"http:\/\/libras.tuxcuiabano.com\/dicionario\/wp-json\/wp\/v2\/pages\/55","targetHints":{"allow":["GET"]}}],"collection":[{"href":"http:\/\/libras.tuxcuiabano.com\/dicionario\/wp-json\/wp\/v2\/pages"}],"about":[{"href":"http:\/\/libras.tuxcuiabano.com\/dicionario\/wp-json\/wp\/v2\/types\/page"}],"author":[{"embeddable":true,"href":"http:\/\/libras.tuxcuiabano.com\/dicionario\/wp-json\/wp\/v2\/users\/1"}],"replies":[{"embeddable":true,"href":"http:\/\/libras.tuxcuiabano.com\/dicionario\/wp-json\/wp\/v2\/comments?post=55"}],"version-history":[{"count":10,"href":"http:\/\/libras.tuxcuiabano.com\/dicionario\/wp-json\/wp\/v2\/pages\/55\/revisions"}],"predecessor-version":[{"id":133,"href":"http:\/\/libras.tuxcuiabano.com\/dicionario\/wp-json\/wp\/v2\/pages\/55\/revisions\/133"}],"wp:attachment":[{"href":"http:\/\/libras.tuxcuiabano.com\/dicionario\/wp-json\/wp\/v2\/media?parent=55"}],"curies":[{"name":"wp","href":"https:\/\/api.w.org\/{rel}","templated":true}]}}