{"id":52,"date":"2016-11-13T00:09:15","date_gmt":"2016-11-13T02:09:15","guid":{"rendered":"http:\/\/libras.tuxcuiabano.com\/dicionario\/?page_id=52"},"modified":"2016-11-25T16:52:36","modified_gmt":"2016-11-25T19:52:36","slug":"home","status":"publish","type":"page","link":"http:\/\/libras.tuxcuiabano.com\/dicionario\/","title":{"rendered":"Home"},"content":{"rendered":"<p><iframe loading=\"lazy\" title=\"Video Dicion\u00e1rio Colaborativo de Libras\" width=\"500\" height=\"281\" src=\"https:\/\/www.youtube.com\/embed\/i-TfoEgQ2sM?feature=oembed\" frameborder=\"0\" allow=\"accelerometer; autoplay; clipboard-write; encrypted-media; gyroscope; picture-in-picture; web-share\" referrerpolicy=\"strict-origin-when-cross-origin\" allowfullscreen><\/iframe><\/p>\n<p style=\"text-align: justify;\">A Rede Federal vivenciou a maior expans\u00e3o de sua hist\u00f3ria. De 1909 a 2002, foram constru\u00eddas 140 escolas t\u00e9cnicas no pa\u00eds. Entre 2003 e 2016, o Minist\u00e9rio da Educa\u00e7\u00e3o concretizou a constru\u00e7\u00e3o de mais de 500 novas unidades referentes ao plano de expans\u00e3o da educa\u00e7\u00e3o profissional, totalizando 644 campi em funcionamento.<\/p>\n<p style=\"text-align: justify;\">Atualmente, s\u00e3o 38 Institutos Federais presentes em todos estados, oferecendo cursos de qualifica\u00e7\u00e3o, ensino m\u00e9dio integrado, cursos superiores de tecnologia e licenciaturas.<\/p>\n<p style=\"text-align: justify;\">Os cursos t\u00e9cnicos possuem como caracter\u00edstica, o uso de express\u00f5es e palavras espec\u00edficas de determinadas \u00e1reas. Esses nomes nem sempre possuem seus respectivos sinais em LIBRAS &#8211; L\u00edngua Brasileira de Sinais.<\/p>\n<p style=\"text-align: justify;\">LIBRAS foi reconhecida como meio legal de comunica\u00e7\u00e3o e express\u00e3o por meio da lei n\u00ba 10.436, de 24 de abril 2002.<\/p>\n<p style=\"text-align: justify;\">O dicion\u00e1rio t\u00e9cnico colaborativo de libras \u00e9 um projeto que visa, atrav\u00e9s de participa\u00e7\u00e3o dos membros da Rede EPT e de outros educadores, construir uma grande colet\u00e2nea de sinais que atendam as necessidades dos profissionais\u00a0de educa\u00e7\u00e3o da \u00e1rea t\u00e9cnica. Criando essa cole\u00e7\u00e3o de forma colaborativa, poderemos verificar como atuam os profissionais em todo territ\u00f3rio brasileiro e tamb\u00e9m trocar experi\u00eancias no que tange o ensino t\u00e9cnico para pessoas surdas.<\/p>\n<p style=\"text-align: justify;\">Venha colaborar como a gente!<\/p>\n","protected":false},"excerpt":{"rendered":"<p>A Rede Federal vivenciou a maior expans\u00e3o de sua hist\u00f3ria. De 1909 a 2002, foram constru\u00eddas 140 escolas t\u00e9cnicas no pa\u00eds. Entre 2003 e 2016, o Minist\u00e9rio da Educa\u00e7\u00e3o concretizou a constru\u00e7\u00e3o de mais de 500 novas unidades referentes ao [&hellip;]<\/p>\n","protected":false},"author":1,"featured_media":0,"parent":0,"menu_order":0,"comment_status":"closed","ping_status":"closed","template":"","meta":{"footnotes":""},"class_list":["post-52","page","type-page","status-publish","hentry"],"_links":{"self":[{"href":"http:\/\/libras.tuxcuiabano.com\/dicionario\/wp-json\/wp\/v2\/pages\/52","targetHints":{"allow":["GET"]}}],"collection":[{"href":"http:\/\/libras.tuxcuiabano.com\/dicionario\/wp-json\/wp\/v2\/pages"}],"about":[{"href":"http:\/\/libras.tuxcuiabano.com\/dicionario\/wp-json\/wp\/v2\/types\/page"}],"author":[{"embeddable":true,"href":"http:\/\/libras.tuxcuiabano.com\/dicionario\/wp-json\/wp\/v2\/users\/1"}],"replies":[{"embeddable":true,"href":"http:\/\/libras.tuxcuiabano.com\/dicionario\/wp-json\/wp\/v2\/comments?post=52"}],"version-history":[{"count":7,"href":"http:\/\/libras.tuxcuiabano.com\/dicionario\/wp-json\/wp\/v2\/pages\/52\/revisions"}],"predecessor-version":[{"id":126,"href":"http:\/\/libras.tuxcuiabano.com\/dicionario\/wp-json\/wp\/v2\/pages\/52\/revisions\/126"}],"wp:attachment":[{"href":"http:\/\/libras.tuxcuiabano.com\/dicionario\/wp-json\/wp\/v2\/media?parent=52"}],"curies":[{"name":"wp","href":"https:\/\/api.w.org\/{rel}","templated":true}]}}